{"id":279,"date":"2025-11-06T14:35:50","date_gmt":"2025-11-06T13:35:50","guid":{"rendered":"https:\/\/highsource.goip.de\/wordpress\/?page_id=279"},"modified":"2026-01-17T13:11:54","modified_gmt":"2026-01-17T12:11:54","slug":"ueber-mich","status":"publish","type":"page","link":"https:\/\/mr-bleck.goip.de\/wordpress\/","title":{"rendered":"Music is the answer&#8230;"},"content":{"rendered":"\n<pre class=\"wp-block-preformatted has-custom-text-color has-text-color has-link-color wp-elements-5c425c553031d25b46f9e83f9ef03911\">Music is the answer.<br><br>Ich bin Mr. Bleck, ein Hobby-Musikproduzent elektronischer Musik aus der N\u00e4he von Berlin.<br>Ich mache Oldschool\u2011Minimal\u2011Techno \u2013 dunkle, treibende Beats, kombiniert mit Melodien, die im Ohr bleiben und eine eigene Stimmung erzeugen.<br>Ich folge keinen Trends. Ich bleibe bei dem Sound, der mich seit den fr\u00fchen Berliner und M\u00fcnchner Clubn\u00e4chten gepr\u00e4gt hat: minimal, roh, hypnotisch.<br><br>I\u2019m an hobby electronic music producer from the Berlin area, creating oldschool minimal techno with dark, driving rhythms and melodic elements that stick in your head.<br>I don\u2019t chase trends. I focus on the sound that feels real to me \u2014 raw, minimal, underground, with a touch of emotion underneath.<br><br>Meine Tracks sollen nicht nur geh\u00f6rt, sondern gesp\u00fcrt werden \u2013 im Club, im Auto oder einfach im Kopf.<br>No hype. No ego. Just electronic music with a pulse.<br>Alle Spenden und Kauferl\u00f6se landen direkt in neues Music Equipment und Aufrechterhaltung und Verbesserung des Contents ! <br>Danke sagt<br>Mr.Bleck<br>Unterst\u00fctze das Projekt via<\/pre>\n\n\n<a href=\"https:\/\/www.paypal.com\/donate?business=support@mr-bleck.com\"><div align=\"left\" class=\"mb-16\"><button tabindex=\"0\" class=\"btn-wide next-button css-dl0cqz-button_base-text_button_lg-branded\" data-ppui-info=\"buttons_7.9.12\" id=\"payWithPP\" pa-marked=\"1\"><img decoding=\"async\" src=\"https:\/\/www.paypalobjects.com\/paypal-ui\/logos\/svg\/paypal-mark-color.svg\" alt=\"Spenden mit PayPal\" style=\"height: 24px; width: 24px; margin-right: 8px;\">Spenden mit PayPal<\/button><\/div><\/a>\n<br>\n\n\n<p><\/p>\n\n\n\n<hr class=\"wp-block-separator has-text-color has-custom-text-color has-alpha-channel-opacity has-custom-text-background-color has-background is-style-wide\"\/>\n\n\n\n<br>\n\n\n<pre class=\"wp-block-preformatted has-custom-text-color has-text-color has-link-color wp-elements-3426e66212cd3b2c97174aa56dcce552\">All donations and sales proceeds go directly into new music equipment and maintaining and improving the content! <br>Thanks says <br>Mr. Bleck<br>Support the project via <\/pre>\n\n\n<a href=\"https:\/\/www.paypal.com\/donate?business=support@mr-bleck.com\"><div align=\"left\" class=\"mb-16\"><button tabindex=\"0\" class=\"btn-wide next-button css-dl0cqz-button_base-text_button_lg-branded\" data-ppui-info=\"buttons_7.9.12\" id=\"payWithPP\" pa-marked=\"1\"><img decoding=\"async\" src=\"https:\/\/www.paypalobjects.com\/paypal-ui\/logos\/svg\/paypal-mark-color.svg\" alt=\"Spenden mit PayPal\" style=\"height: 24px; width: 24px; margin-right: 8px;\">Donation by PayPal<\/button><\/div><\/a>","protected":false},"excerpt":{"rendered":"<p>Music is the answer.Ich bin Mr. Bleck, ein Hobby-Musikproduzent elektronischer Musik aus der N\u00e4he von Berlin.Ich mache Oldschool\u2011Minimal\u2011Techno \u2013 dunkle, treibende Beats, kombiniert mit Melodien, die im Ohr bleiben und eine eigene Stimmung erzeugen.Ich folge keinen Trends. Ich bleibe bei dem Sound, der mich seit den fr\u00fchen Berliner und M\u00fcnchner Clubn\u00e4chten gepr\u00e4gt hat: minimal, roh, [&hellip;]<\/p>\n","protected":false},"author":1,"featured_media":0,"parent":0,"menu_order":0,"comment_status":"closed","ping_status":"closed","template":"","meta":{"footnotes":""},"class_list":["post-279","page","type-page","status-publish","hentry"],"_links":{"self":[{"href":"https:\/\/mr-bleck.goip.de\/wordpress\/wp-json\/wp\/v2\/pages\/279","targetHints":{"allow":["GET"]}}],"collection":[{"href":"https:\/\/mr-bleck.goip.de\/wordpress\/wp-json\/wp\/v2\/pages"}],"about":[{"href":"https:\/\/mr-bleck.goip.de\/wordpress\/wp-json\/wp\/v2\/types\/page"}],"author":[{"embeddable":true,"href":"https:\/\/mr-bleck.goip.de\/wordpress\/wp-json\/wp\/v2\/users\/1"}],"replies":[{"embeddable":true,"href":"https:\/\/mr-bleck.goip.de\/wordpress\/wp-json\/wp\/v2\/comments?post=279"}],"version-history":[{"count":18,"href":"https:\/\/mr-bleck.goip.de\/wordpress\/wp-json\/wp\/v2\/pages\/279\/revisions"}],"predecessor-version":[{"id":442,"href":"https:\/\/mr-bleck.goip.de\/wordpress\/wp-json\/wp\/v2\/pages\/279\/revisions\/442"}],"wp:attachment":[{"href":"https:\/\/mr-bleck.goip.de\/wordpress\/wp-json\/wp\/v2\/media?parent=279"}],"curies":[{"name":"wp","href":"https:\/\/api.w.org\/{rel}","templated":true}]}}